{"id":382,"date":"2020-06-23T17:05:17","date_gmt":"2020-06-23T17:05:17","guid":{"rendered":"https:\/\/bergewazirian.com\/?page_id=382"},"modified":"2020-07-08T20:08:28","modified_gmt":"2020-07-08T20:08:28","slug":"dr-mona-karazivan","status":"publish","type":"page","link":"https:\/\/www.lesprosthodontistes.ca\/en\/dr-mona-karazivan\/","title":{"rendered":"Dr Mona Karazivan"},"content":{"rendered":"\t\t<div data-elementor-type=\"wp-page\" data-elementor-id=\"382\" class=\"elementor elementor-382\">\n\t\t\t\t\t\t<section class=\"elementor-section elementor-top-section elementor-element elementor-element-d5871fe elementor-section-boxed elementor-section-height-default elementor-section-height-default\" data-id=\"d5871fe\" data-element_type=\"section\">\n\t\t\t\t\t\t<div class=\"elementor-container elementor-column-gap-default\">\n\t\t\t\t\t<div class=\"elementor-column elementor-col-100 elementor-top-column elementor-element elementor-element-420bed2\" data-id=\"420bed2\" data-element_type=\"column\">\n\t\t\t<div class=\"elementor-widget-wrap elementor-element-populated\">\n\t\t\t\t\t\t<div class=\"elementor-element elementor-element-ee81b6f elementor-widget elementor-widget-spacer\" data-id=\"ee81b6f\" data-element_type=\"widget\" data-widget_type=\"spacer.default\">\n\t\t\t\t<div class=\"elementor-widget-container\">\n\t\t\t\t\t\t\t<div class=\"elementor-spacer\">\n\t\t\t<div class=\"elementor-spacer-inner\"><\/div>\n\t\t<\/div>\n\t\t\t\t\t\t<\/div>\n\t\t\t\t<\/div>\n\t\t\t\t\t<\/div>\n\t\t<\/div>\n\t\t\t\t\t<\/div>\n\t\t<\/section>\n\t\t\t\t<section class=\"elementor-section elementor-top-section elementor-element elementor-element-01a7300 elementor-section-boxed elementor-section-height-default elementor-section-height-default\" data-id=\"01a7300\" data-element_type=\"section\">\n\t\t\t\t\t\t<div class=\"elementor-container elementor-column-gap-default\">\n\t\t\t\t\t<div class=\"elementor-column elementor-col-100 elementor-top-column elementor-element elementor-element-bae4414\" data-id=\"bae4414\" data-element_type=\"column\">\n\t\t\t<div class=\"elementor-widget-wrap elementor-element-populated\">\n\t\t\t\t\t\t<div class=\"elementor-element elementor-element-ea23caa elementor-position-top elementor-widget elementor-widget-image-box\" data-id=\"ea23caa\" data-element_type=\"widget\" data-widget_type=\"image-box.default\">\n\t\t\t\t<div class=\"elementor-widget-container\">\n\t\t\t\t\t<div class=\"elementor-image-box-wrapper\"><figure class=\"elementor-image-box-img\"><img fetchpriority=\"high\" decoding=\"async\" width=\"250\" height=\"250\" src=\"https:\/\/www.lesprosthodontistes.ca\/wp-content\/uploads\/2020\/03\/bio_mona_square_bw.jpg\" class=\"elementor-animation-grow attachment-full size-full wp-image-99\" alt=\"Dr Mona Karazivan\" srcset=\"https:\/\/www.lesprosthodontistes.ca\/wp-content\/uploads\/2020\/03\/bio_mona_square_bw.jpg 250w, https:\/\/www.lesprosthodontistes.ca\/wp-content\/uploads\/2020\/03\/bio_mona_square_bw-150x150.jpg 150w\" sizes=\"(max-width: 250px) 100vw, 250px\" \/><\/figure><div class=\"elementor-image-box-content\"><h2 class=\"elementor-image-box-title\">Dr Mona Karazivan<\/h2><\/div><\/div>\t\t\t\t<\/div>\n\t\t\t\t<\/div>\n\t\t\t\t\t<\/div>\n\t\t<\/div>\n\t\t\t\t\t<\/div>\n\t\t<\/section>\n\t\t\t\t<section class=\"elementor-section elementor-top-section elementor-element elementor-element-aff814c elementor-section-boxed elementor-section-height-default elementor-section-height-default\" data-id=\"aff814c\" data-element_type=\"section\">\n\t\t\t\t\t\t<div class=\"elementor-container elementor-column-gap-default\">\n\t\t\t\t\t<div class=\"elementor-column elementor-col-100 elementor-top-column elementor-element elementor-element-50af915\" data-id=\"50af915\" data-element_type=\"column\">\n\t\t\t<div class=\"elementor-widget-wrap elementor-element-populated\">\n\t\t\t\t\t\t<div class=\"elementor-element elementor-element-d8be28b elementor-widget elementor-widget-spacer\" data-id=\"d8be28b\" data-element_type=\"widget\" data-widget_type=\"spacer.default\">\n\t\t\t\t<div class=\"elementor-widget-container\">\n\t\t\t\t\t\t\t<div class=\"elementor-spacer\">\n\t\t\t<div class=\"elementor-spacer-inner\"><\/div>\n\t\t<\/div>\n\t\t\t\t\t\t<\/div>\n\t\t\t\t<\/div>\n\t\t\t\t<div class=\"elementor-element elementor-element-b37f33c elementor-widget elementor-widget-text-editor\" data-id=\"b37f33c\" data-element_type=\"widget\" data-widget_type=\"text-editor.default\">\n\t\t\t\t<div class=\"elementor-widget-container\">\n\t\t\t\t\t\t\t\t\t<p><span>Dr. Mona L. Karazivan obtained her dental degree (DMD) at Universit\u00e9 de Montr\u00e9al in 1994. She then briefly left the province to complete a general residency program at the prestigous \u2018Mount Sinai Hospital\u2019 in Toronto. Back in Quebec she pursued her studies in the field of Prosthodontics. She obtained a Master of Science degree in 1999 in the Prosthodontic Rehabilitation program at Universit\u00e9 de Montr\u00e9al.<\/span><\/p><p><span>In the past, she was an active member involved in the excutive comities at the Soci\u00e9t\u00e9 Dentaire de Montr\u00e9al and the Federation of Dental Societies of Greater Montreal. She has taught clinical prosthodontics to the residents of the Royal Victoria Hospital and the McGill dental students.<\/span><\/p><p><span>She presently dedicates her time and prosthodontic skills to her private practice in the heart of Montreal where she works with patients to find the ideal solution to restore or enhance their smile in a very precise and personalised fashion.<\/span><\/p><p>In addition to a plentiful family life and a passion for travel, Mona enjoys letting out her artistic talents through painting. A joyful mixture of bright vivid colors is the perfect palette to harmonise with her optimism and happiness.<\/p>\t\t\t\t\t\t\t\t<\/div>\n\t\t\t\t<\/div>\n\t\t\t\t<div class=\"elementor-element elementor-element-23b3612 elementor-widget elementor-widget-spacer\" data-id=\"23b3612\" data-element_type=\"widget\" data-widget_type=\"spacer.default\">\n\t\t\t\t<div class=\"elementor-widget-container\">\n\t\t\t\t\t\t\t<div class=\"elementor-spacer\">\n\t\t\t<div class=\"elementor-spacer-inner\"><\/div>\n\t\t<\/div>\n\t\t\t\t\t\t<\/div>\n\t\t\t\t<\/div>\n\t\t\t\t\t<\/div>\n\t\t<\/div>\n\t\t\t\t\t<\/div>\n\t\t<\/section>\n\t\t\t\t<\/div>\n\t\t","protected":false},"excerpt":{"rendered":"<p>Dr Mona Karazivan Dr. Mona L. Karazivan obtained her dental degree (DMD) at Universit\u00e9 de Montr\u00e9al in 1994. She then briefly left the province to complete a general residency program at the prestigous \u2018Mount Sinai Hospital\u2019 in Toronto. Back in Quebec she pursued her studies in the field of Prosthodontics. [&hellip;]<\/p>\n","protected":false},"author":1,"featured_media":0,"parent":0,"menu_order":0,"comment_status":"closed","ping_status":"closed","template":"page-templates\/template-pagebuilder-full-width.php","meta":{"footnotes":""},"class_list":["post-382","page","type-page","status-publish","hentry"],"_links":{"self":[{"href":"https:\/\/www.lesprosthodontistes.ca\/en\/wp-json\/wp\/v2\/pages\/382","targetHints":{"allow":["GET"]}}],"collection":[{"href":"https:\/\/www.lesprosthodontistes.ca\/en\/wp-json\/wp\/v2\/pages"}],"about":[{"href":"https:\/\/www.lesprosthodontistes.ca\/en\/wp-json\/wp\/v2\/types\/page"}],"author":[{"embeddable":true,"href":"https:\/\/www.lesprosthodontistes.ca\/en\/wp-json\/wp\/v2\/users\/1"}],"replies":[{"embeddable":true,"href":"https:\/\/www.lesprosthodontistes.ca\/en\/wp-json\/wp\/v2\/comments?post=382"}],"version-history":[{"count":2,"href":"https:\/\/www.lesprosthodontistes.ca\/en\/wp-json\/wp\/v2\/pages\/382\/revisions"}],"predecessor-version":[{"id":744,"href":"https:\/\/www.lesprosthodontistes.ca\/en\/wp-json\/wp\/v2\/pages\/382\/revisions\/744"}],"wp:attachment":[{"href":"https:\/\/www.lesprosthodontistes.ca\/en\/wp-json\/wp\/v2\/media?parent=382"}],"curies":[{"name":"wp","href":"https:\/\/api.w.org\/{rel}","templated":true}]}}